{"id":2693,"date":"2013-12-05T13:15:23","date_gmt":"2013-12-05T13:15:23","guid":{"rendered":"http:\/\/tribunadanoticia.com.br\/blog\/?page_id=2693"},"modified":"2013-12-05T13:15:23","modified_gmt":"2013-12-05T13:15:23","slug":"fale-conosco","status":"publish","type":"page","link":"https:\/\/tribunadanoticia.com.br\/blog\/fale-conosco\/","title":{"rendered":"Fale Conosco"},"content":{"rendered":"<p>Entre em contato conosco para enviar sua mat\u00e9ria, seu coment\u00e1rio, ou an\u00fancio, pelo e-mail: gersongomespr@hotmail.com, ou pelo WhatsApp (42) 99971-4388.<\/p>\n","protected":false},"excerpt":{"rendered":"<p>Entre em contato conosco para enviar sua mat\u00e9ria, seu coment\u00e1rio, ou an\u00fancio, pelo e-mail: gersongomespr@hotmail.com, ou pelo WhatsApp (42) 99971-4388.<\/p>\n","protected":false},"author":1,"featured_media":0,"parent":0,"menu_order":0,"comment_status":"open","ping_status":"open","template":"","meta":{"footnotes":""},"class_list":["post-2693","page","type-page","status-publish","hentry"],"_links":{"self":[{"href":"https:\/\/tribunadanoticia.com.br\/blog\/wp-json\/wp\/v2\/pages\/2693","targetHints":{"allow":["GET"]}}],"collection":[{"href":"https:\/\/tribunadanoticia.com.br\/blog\/wp-json\/wp\/v2\/pages"}],"about":[{"href":"https:\/\/tribunadanoticia.com.br\/blog\/wp-json\/wp\/v2\/types\/page"}],"author":[{"embeddable":true,"href":"https:\/\/tribunadanoticia.com.br\/blog\/wp-json\/wp\/v2\/users\/1"}],"replies":[{"embeddable":true,"href":"https:\/\/tribunadanoticia.com.br\/blog\/wp-json\/wp\/v2\/comments?post=2693"}],"version-history":[{"count":0,"href":"https:\/\/tribunadanoticia.com.br\/blog\/wp-json\/wp\/v2\/pages\/2693\/revisions"}],"wp:attachment":[{"href":"https:\/\/tribunadanoticia.com.br\/blog\/wp-json\/wp\/v2\/media?parent=2693"}],"curies":[{"name":"wp","href":"https:\/\/api.w.org\/{rel}","templated":true}]}}