{"id":6656,"date":"2017-12-02T23:38:42","date_gmt":"2017-12-03T01:38:42","guid":{"rendered":"http:\/\/tribunadanoticia.com.br\/blog\/?page_id=6656"},"modified":"2024-12-29T00:58:39","modified_gmt":"2024-12-29T00:58:39","slug":"guia-comercial","status":"publish","type":"page","link":"https:\/\/tribunadanoticia.com.br\/blog\/guia-comercial\/","title":{"rendered":"Guia Comercial"},"content":{"rendered":"\n<p><strong>Empresas que divulgam com o jornal Tribuna da Not\u00edcia<\/strong><\/p>\n\n\n\n<p><strong>Ag\u00eancia Banc\u00e1ria<\/strong><\/p>\n\n\n\n<p><strong>Cooperativa Sicredi<\/strong><\/p>\n\n\n\n<p>(42) 3276-2948<\/p>\n\n\n\n<p>Rua Marc\u00edlio Dias, 470 \u2013 Centro \u2013 Reserva-PR<\/p>\n\n\n\n<p><strong>Auto Pe\u00e7as<\/strong><\/p>\n\n\n\n<p><strong>Bilenki Auto Pe\u00e7as<\/strong><\/p>\n\n\n\n<p>Fone: (42) 3276-1914<\/p>\n\n\n\n<p>Rua General&nbsp; Os\u00f3rio, 565 \u2013 Centro &#8211; &nbsp;Reserva \u2013 PR<\/p>\n\n\n\n<p><strong>Ueque Auto Pe\u00e7as<\/strong><\/p>\n\n\n\n<p>(42) 3276-1521<\/p>\n\n\n\n<p>Rua Dom Pedro II, 568 \u2013 Centro \u2013 Reserva-PR<\/p>\n\n\n\n<p><strong>Auto Center<\/strong><\/p>\n\n\n\n<p><strong>Bilenki Auto Pe\u00e7as<\/strong><\/p>\n\n\n\n<p>Fone: (42) 3276-1914<\/p>\n\n\n\n<p>Rua General&nbsp; Os\u00f3rio, 565 \u2013 Centro &#8211; &nbsp;Reserva \u2013 PR<\/p>\n\n\n\n<p><strong>LB Auto Center<\/strong><\/p>\n\n\n\n<p>(42) 3276-1625 \/ 99958-9417 \/ 98826-2950<\/p>\n\n\n\n<p>Rua Marc\u00edlio Dias, 546 \u2013 Centro \u2013 Reserva-PR<\/p>\n\n\n\n<p><strong>Advogados<\/strong><\/p>\n\n\n\n<p><strong>Bruno Machado Gomes<\/strong><\/p>\n\n\n\n<p>Fone: (42) 9 9953-5297<\/p>\n\n\n\n<p>Rua Leonardo Ronkoski, 365 \u2013 Centro -Reserva \u2013 PR<\/p>\n\n\n\n<p><strong>Agropecu\u00e1rias<\/strong><\/p>\n\n\n\n<p><strong>Agro Reserva<\/strong><\/p>\n\n\n\n<p>Fone: (42) 3276-1885<\/p>\n\n\n\n<p>Rua General Os\u00f3rio, 531 \u2013 Centro &#8211; Reserva-PR<\/p>\n\n\n\n<p><strong>Auto Escola<\/strong><\/p>\n\n\n\n<p><strong>Centro de Forma\u00e7\u00e3o de Condutores Autoescola Reserva<\/strong><\/p>\n\n\n\n<p>Fones: (42) 3276-1456 \/ 99923-0294 \/ 98857-3294<\/p>\n\n\n\n<p>Avenida Coronel Rog\u00e9rio Borba, 1297 B \u2013 Centro &#8211; Reserva-PR<\/p>\n\n\n\n<p><strong>Bicicletaria<\/strong><\/p>\n\n\n\n<p><strong>Cicles Cidade<\/strong><\/p>\n\n\n\n<p>Fone: (42) 99971-4388 \/ 98844-5248<\/p>\n\n\n\n<p>Rua XV de Novembro, 688 \u2013 Centro \u2013 Reserva-PR<\/p>\n\n\n\n<p><strong>Boutiques de Roupas<\/strong><\/p>\n\n\n\n<p><strong>Josi Modas<\/strong><\/p>\n\n\n\n<p>Fone: (42) 3276-2906<\/p>\n\n\n\n<p>Rua Generoso Marques, 454 &#8211;&nbsp; Centro \u2013 Reserva-PR<\/p>\n\n\n\n<p><strong>Cabeleireira<\/strong><\/p>\n\n\n\n<p><strong>Cartuchos para Impressoras<\/strong><\/p>\n\n\n\n<p><strong>Comunica\u00e7\u00e3o Visual<\/strong><\/p>\n\n\n\n<p><strong>Cl\u00ednicas de Fisioterapia<\/strong><\/p>\n\n\n\n<p><strong>FisioDerme Consult\u00f3rio de Fisioterapia<\/strong><\/p>\n\n\n\n<p>(42) 98803-9930 WhatsApp<\/p>\n\n\n\n<p>Rua XV de Novembro, 1635 \u2013 Reserva-PR<\/p>\n\n\n\n<p><strong>Cl\u00ednicas de Odontologia<\/strong><\/p>\n\n\n\n<p><strong>Odontologia Ayres<\/strong><\/p>\n\n\n\n<p>(42) 3276-1347 \/ 99843-4720 WhatsApp<\/p>\n\n\n\n<p>Avenida Coronel Rog\u00e9rio Borba, 889 \u2013 Centro \u2013 Reserva-PR<\/p>\n\n\n\n<p><strong>Choperia<\/strong><\/p>\n\n\n\n<p><strong>Disk G\u00e1s<\/strong><\/p>\n\n\n\n<p><strong>Mercer G\u00e1s<\/strong><\/p>\n\n\n\n<p>(42) 3276-1530 \/ 99903-3050 WhatsApp \/ 98833-5568 WhatsApp<\/p>\n\n\n\n<p><strong>Escola de Inform\u00e1tica e Cursos Profissionalizantes<\/strong><\/p>\n\n\n\n<p><strong>Microline Cursos<\/strong><\/p>\n\n\n\n<p>Fone: (42) 3276-1829 \/ &nbsp;98819-8425 WhatsApp<\/p>\n\n\n\n<p>Avenida Coronel Rog\u00e9rio Borba, 816 \u2013 Salas 07,08 B ( Edif\u00edcio Reserva Plaza) &#8211; Centro \u2013 Reserva-PR<\/p>\n\n\n\n<p><strong>Escola de Ingl\u00eas<\/strong><\/p>\n\n\n\n<p><strong>Fisk<\/strong><\/p>\n\n\n\n<p>Fone: (42) 3276-3005<\/p>\n\n\n\n<p>Shopping Victory \u2013 3\u00ba Piso \u2013 Centro \u2013 Reserva-PR<\/p>\n\n\n\n<p><strong>Escrit\u00f3rio de Presta\u00e7\u00e3o de Servi\u00e7os<\/strong><\/p>\n\n\n\n<p><strong>Eletricista<\/strong><\/p>\n\n\n\n<p><strong>Luiz Antonio  Gomes<\/strong><\/p>\n\n\n\n<p>Fone: (42) 3276-2087<\/p>\n\n\n\n<p>Rua XV de Novembro, 688 \u2013 Bairro Santa Helena \u2013 Reserva-PR<\/p>\n\n\n\n<p><strong>Escrit\u00f3rio de Engenharia<\/strong><\/p>\n\n\n\n<p><strong>F.G Escrit\u00f3rio de Presta\u00e7\u00e3o de Servi\u00e7os<\/strong><\/p>\n\n\n\n<p>(42) 99928-0402 WhatsApp<\/p>\n\n\n\n<p>Avenida Coronel Rog\u00e9rio Borba, 1176 B \u2013 Centro \u2013 Reserva-PR<\/p>\n\n\n\n<p><strong>F\u00e1brica de M\u00f3veis Planejados<\/strong><\/p>\n\n\n\n<p><strong>Farm\u00e1cias<\/strong><\/p>\n\n\n\n<p><strong>Farman\u00e1lise<\/strong><\/p>\n\n\n\n<p>Fone: (42) 3276-1191 \/ 9 9915-2363 WhatsApp<\/p>\n\n\n\n<p>Avenida Coronel Rog\u00e9rio Borba, 675 \u2013 Centro \u2013 Reserva-PR<\/p>\n\n\n\n<p><strong>Gr\u00e1fica<\/strong><\/p>\n\n\n\n<p><strong>Gr\u00e1fica Imagem <\/strong><\/p>\n\n\n\n<p>Fones: (42) 99929-0270 \/ 98824-6860<\/p>\n\n\n\n<p>Rua Jos\u00e9 Adolfo Nemecek, 307 &#8211; Centro &#8211; Reserva-PR<\/p>\n\n\n\n<p><strong>Jornal<\/strong><\/p>\n\n\n\n<p><strong>Tribuna da Not\u00edcia<\/strong><\/p>\n\n\n\n<p><a href=\"http:\/\/www.tribunadanoticia.com.br\">www.tribunadanoticia.com.br<\/a><\/p>\n\n\n\n<p>Fones: (42) 99971-4388 \/ 98844-5248<\/p>\n\n\n\n<p>Rua XV de Novembro, 688 \u2013 Centro \u2013 Reserva-PR<\/p>\n\n\n\n<p><strong>Laborat\u00f3rio de An\u00e1lises Cl\u00ednicas<\/strong><\/p>\n\n\n\n<p><strong>Bio-An\u00e1lises<\/strong><\/p>\n\n\n\n<p>(42) 3276-2000 \/ 98428-1759 WhatsApp<\/p>\n\n\n\n<p>Avenida Coronel Rog\u00e9rio Borba, 675<\/p>\n\n\n\n<p><strong>Loja de Antenas de Tv<\/strong><\/p>\n\n\n\n<p><strong>Cicles Cidade<\/strong><\/p>\n\n\n\n<p><strong>(42) 99971-4388 WhatsApp<\/strong><\/p>\n\n\n\n<p><strong>Rua XV de Novembro, 688 \u2013 Centro \u2013 Reserva &#8211; PR<\/strong><\/p>\n\n\n\n<p><strong>Loja de Armas<\/strong><\/p>\n\n\n\n<p><strong>Loja de Cal\u00e7ados<\/strong><\/p>\n\n\n\n<p><strong>Cats Barn\u00e9ia<\/strong><\/p>\n\n\n\n<p>Fone: (42) 3276-2542<\/p>\n\n\n\n<p>Avenida Coronel Rog\u00e9rio Borba, 776 \u2013 Centro &#8211; Reserva-PR<\/p>\n\n\n\n<p><strong>Loja de Celular<\/strong><\/p>\n\n\n\n<p><strong>Loja de Confec\u00e7\u00f5es e Presentes<\/strong><\/p>\n\n\n\n<p><strong>Loja do 1,50<\/strong><\/p>\n\n\n\n<p><strong>(42) 3276-1521 \/ 99830-3815 WhatsApp<\/strong><\/p>\n\n\n\n<p><strong>Rua Paulino Ferreira e Silva, 206 \u2013 Centro \u2013 Reserva-PR<\/strong><\/p>\n\n\n\n<p><strong>Loja de Eletr\u00f4nicos<\/strong><\/p>\n\n\n\n<p><strong>Loja de Inform\u00e1tica<\/strong><\/p>\n\n\n\n<p><strong>Excellence Inform\u00e1tica<\/strong><\/p>\n\n\n\n<p>Fone: (42) 3276-2555<\/p>\n\n\n\n<p>Avenida Coronel Rog\u00e9rio Borba, 531 &#8211; Centro &#8211; Reserva-PR<\/p>\n\n\n\n<p><strong>Loja de Materiais para Constru\u00e7\u00e3o<\/strong><\/p>\n\n\n\n<p><strong>Remacol Materiais de Constru\u00e7\u00e3o<\/strong><\/p>\n\n\n\n<p>Fone: (42) 3276-1145<\/p>\n\n\n\n<p>Rua Marc\u00edlio Dias, 417 \u2013 Centro &#8211; Reserva \u2013 PR<\/p>\n\n\n\n<p><strong>Pachalki Madeiras e Materiais para Constru\u00e7\u00e3o<\/strong><\/p>\n\n\n\n<p>Fones: (42) 3276-1345 \/ 99951-0333 \/ 98820 \u2013 0322 \/ 98417 \u2013 4917<\/p>\n\n\n\n<p>Rua Dom Pedro II, 79 \u2013 Centro \u2013 Reserva\/PR<\/p>\n\n\n\n<p><strong>Loja de M\u00f3veis e Eletrodom\u00e9sticos<\/strong><\/p>\n\n\n\n<p><strong>Moto Pe\u00e7as<\/strong><\/p>\n\n\n\n<p><strong>Moto Pe\u00e7as Falc\u00f5es<\/strong><\/p>\n\n\n\n<p>Fone: (42) 3276-2128 \/ 98804-2447<\/p>\n\n\n\n<p>Rua Osires de Oliveira Viana, 54 \u2013 Centro &#8211; Reserva-PR<\/p>\n\n\n\n<p><strong>Carlinho Moto Pe\u00e7as<\/strong><\/p>\n\n\n\n<p>(42) 99929-2190 \/ 98884-3080<\/p>\n\n\n\n<p>Rua General Os\u00f3rio, 538 \u2013 Centro &#8211; Reserva-PR<\/p>\n\n\n\n<p><strong>Oficina de Conserto de Celulares<\/strong><\/p>\n\n\n\n<p><strong>Oficina de Rebobinamento de Motore<\/strong>s<\/p>\n\n\n\n<p><strong>\u00d3ticas<\/strong><\/p>\n\n\n\n<p><strong>Panificadora<\/strong><\/p>\n\n\n\n<p><strong>Panificadora Doce Sabor<\/strong><\/p>\n\n\n\n<p>Fones: (42) 3276-2876 \/ 98869-8048 \/ 99971-2726<\/p>\n\n\n\n<p>Rua Le\u00f4ncio Mir\u00f3 Rocha, 1190 \u2013 Bairro Ferreira \u2013 Reserva-PR<\/p>\n\n\n\n<p><strong>Provedor de Internet<\/strong><\/p>\n\n\n\n<p><strong>Minedys Telecom<\/strong><\/p>\n\n\n\n<p>(42) 99133-0147<\/p>\n\n\n\n<p>Rua Le\u00f4ncio Mir\u00f3 Rocha, 997, Sala A \u2013 Bairro Lourdes \u2013 Reserva-PR<\/p>\n\n\n\n<p><strong>Provedor de Hospedagem de Sites<\/strong><\/p>\n\n\n\n<p>CiasBr<\/p>\n\n\n\n<p><a href=\"http:\/\/www.ciasbr.com.br\">www.ciasbr.com.br<\/a><\/p>\n\n\n\n<p>Fones: (42) 99971-4388 \/ 98844-5248<\/p>\n\n\n\n<p><strong>Sindicatos<\/strong><\/p>\n\n\n\n<p><strong>Supermercados<\/strong><\/p>\n\n\n\n<p><strong>Supermercado Lopata<\/strong><\/p>\n\n\n\n<p>Fone: (42) 3276-1655<\/p>\n\n\n\n<p>Avenida Coronel Rog\u00e9rio Borba, 1321<strong> \u2013 <\/strong>Bairro Cruzeiro \u2013 Reserva -PR<\/p>\n\n\n\n<p><strong>Vidra\u00e7aria<\/strong><\/p>\n\n\n\n<p><strong>Ginho Vidra\u00e7aria e Marmoraria<\/strong><\/p>\n\n\n\n<p>Fone: (42) 3276-1453<\/p>\n\n\n\n<p>Rua Paulino Ferreira e Silva, 448 \u2013 Centro &#8211; Reserva-PR<\/p>\n","protected":false},"excerpt":{"rendered":"<p>Empresas que divulgam com o jornal Tribuna da Not\u00edcia Ag\u00eancia Banc\u00e1ria Cooperativa Sicredi (42) 3276-2948 Rua Marc\u00edlio Dias, 470 \u2013 Centro \u2013 Reserva-PR Auto Pe\u00e7as Bilenki Auto Pe\u00e7as Fone: (42) 3276-1914 Rua General&nbsp; Os\u00f3rio, 565 \u2013 Centro &#8211; &nbsp;Reserva \u2013 PR Ueque Auto Pe\u00e7as (42) 3276-1521 Rua Dom Pedro II, 568 \u2013 Centro \u2013 Reserva-PR [&hellip;]<\/p>\n","protected":false},"author":1,"featured_media":0,"parent":0,"menu_order":0,"comment_status":"closed","ping_status":"closed","template":"","meta":{"footnotes":""},"class_list":["post-6656","page","type-page","status-publish","hentry"],"_links":{"self":[{"href":"https:\/\/tribunadanoticia.com.br\/blog\/wp-json\/wp\/v2\/pages\/6656","targetHints":{"allow":["GET"]}}],"collection":[{"href":"https:\/\/tribunadanoticia.com.br\/blog\/wp-json\/wp\/v2\/pages"}],"about":[{"href":"https:\/\/tribunadanoticia.com.br\/blog\/wp-json\/wp\/v2\/types\/page"}],"author":[{"embeddable":true,"href":"https:\/\/tribunadanoticia.com.br\/blog\/wp-json\/wp\/v2\/users\/1"}],"replies":[{"embeddable":true,"href":"https:\/\/tribunadanoticia.com.br\/blog\/wp-json\/wp\/v2\/comments?post=6656"}],"version-history":[{"count":-2,"href":"https:\/\/tribunadanoticia.com.br\/blog\/wp-json\/wp\/v2\/pages\/6656\/revisions"}],"wp:attachment":[{"href":"https:\/\/tribunadanoticia.com.br\/blog\/wp-json\/wp\/v2\/media?parent=6656"}],"curies":[{"name":"wp","href":"https:\/\/api.w.org\/{rel}","templated":true}]}}